{"id":2,"date":"2025-08-20T22:11:56","date_gmt":"2025-08-20T20:11:56","guid":{"rendered":"https:\/\/citalyze.de\/de\/blog\/?page_id=2"},"modified":"2025-08-28T09:57:46","modified_gmt":"2025-08-28T07:57:46","slug":"ubersicht","status":"publish","type":"page","link":"https:\/\/citalyze.de\/de\/blog\/ubersicht\/","title":{"rendered":"\u00dcbersicht"},"content":{"rendered":"\n<p>Willkommen beim Citalyze Blog \u2013 hier teilen wir Einblicke in das wissenschaftliche Schreiben, korrektes Zitieren und die Herausforderungen der Forschung im Zeitalter der KI. Unsere Artikel sollen Studierende, Forschende und Lehrende mit praxisnahen Tipps, neuen Perspektiven und Werkzeugen zur St\u00e4rkung der akademischen Integrit\u00e4t unterst\u00fctzen.<\/p>\n\n\n<ul class=\"wp-block-page-list\"><li class=\"wp-block-pages-list__item\"><a class=\"wp-block-pages-list__item__link\" href=\"https:\/\/citalyze.de\/de\/blog\/datenschutzerklaerung\/\">Datenschutzerkl\u00e4rung<\/a><\/li><li class=\"wp-block-pages-list__item has-child\"><a class=\"wp-block-pages-list__item__link\" href=\"https:\/\/citalyze.de\/de\/blog\/ubersicht\/\">\u00dcbersicht<\/a><ul class=\"wp-block-navigation__submenu-container\"><li class=\"wp-block-pages-list__item \"><a class=\"wp-block-pages-list__item__link\" href=\"https:\/\/citalyze.de\/de\/blog\/ubersicht\/brauchen-wir-in-zeiten-von-ki-noch-plagiatserkennung\/\">Brauchen wir in Zeiten von KI noch Plagiatserkennung?<\/a><\/li><li class=\"wp-block-pages-list__item \"><a class=\"wp-block-pages-list__item__link\" href=\"https:\/\/citalyze.de\/de\/blog\/ubersicht\/citalyze-blog-richtig-zitieren-in-zeiten-von-ki\/\">Citalyze Blog \u2013 richtig zitieren in Zeiten von KI<\/a><\/li><li class=\"wp-block-pages-list__item \"><a class=\"wp-block-pages-list__item__link\" href=\"https:\/\/citalyze.de\/de\/blog\/ubersicht\/was-passiert-nach-der-abgabe-so-werden-abschlussarbeiten-bewertet\/\">Was passiert nach der Abgabe? \u2013 So werden Abschlussarbeiten bewertet<\/a><\/li><li class=\"wp-block-pages-list__item \"><a class=\"wp-block-pages-list__item__link\" href=\"https:\/\/citalyze.de\/de\/blog\/ubersicht\/welche-zitierweise-passt-zu-meiner-arbeit\/\">Welche Zitierweise passt zu meiner Arbeit?<\/a><\/li><\/ul><\/li><\/ul>\n\n\n<p><\/p>\n","protected":false},"excerpt":{"rendered":"<p>Willkommen beim Citalyze Blog \u2013 hier teilen wir Einblicke in das wissenschaftliche Schreiben, korrektes Zitieren und die Herausforderungen der Forschung im Zeitalter der KI. Unsere Artikel sollen Studierende, Forschende und Lehrende mit praxisnahen Tipps, neuen Perspektiven und Werkzeugen zur St\u00e4rkung der akademischen Integrit\u00e4t unterst\u00fctzen.<\/p>\n","protected":false},"author":2,"featured_media":0,"parent":0,"menu_order":0,"comment_status":"closed","ping_status":"open","template":"","meta":{"footnotes":""},"class_list":["post-2","page","type-page","status-publish","hentry"],"_links":{"self":[{"href":"https:\/\/citalyze.de\/de\/blog\/wp-json\/wp\/v2\/pages\/2","targetHints":{"allow":["GET"]}}],"collection":[{"href":"https:\/\/citalyze.de\/de\/blog\/wp-json\/wp\/v2\/pages"}],"about":[{"href":"https:\/\/citalyze.de\/de\/blog\/wp-json\/wp\/v2\/types\/page"}],"author":[{"embeddable":true,"href":"https:\/\/citalyze.de\/de\/blog\/wp-json\/wp\/v2\/users\/2"}],"replies":[{"embeddable":true,"href":"https:\/\/citalyze.de\/de\/blog\/wp-json\/wp\/v2\/comments?post=2"}],"version-history":[{"count":3,"href":"https:\/\/citalyze.de\/de\/blog\/wp-json\/wp\/v2\/pages\/2\/revisions"}],"predecessor-version":[{"id":37,"href":"https:\/\/citalyze.de\/de\/blog\/wp-json\/wp\/v2\/pages\/2\/revisions\/37"}],"wp:attachment":[{"href":"https:\/\/citalyze.de\/de\/blog\/wp-json\/wp\/v2\/media?parent=2"}],"curies":[{"name":"wp","href":"https:\/\/api.w.org\/{rel}","templated":true}]}}